{"id":59,"date":"2022-02-14T18:57:59","date_gmt":"2022-02-14T18:57:59","guid":{"rendered":"http:\/\/samahil.gob.mx\/?page_id=59"},"modified":"2022-02-14T18:57:59","modified_gmt":"2022-02-14T18:57:59","slug":"perfil-sociodemografico","status":"publish","type":"page","link":"https:\/\/samahil.gob.mx\/index.php\/perfil-sociodemografico\/","title":{"rendered":"Perfil Sociodemogr\u00e1fico"},"content":{"rendered":"<figure id=\"attachment_60\" aria-describedby=\"caption-attachment-60\" style=\"width: 1521px\" class=\"wp-caption aligncenter\"><img loading=\"lazy\" decoding=\"async\" class=\"size-full wp-image-60\" src=\"https:\/\/samahil.gob.mx\/wp-content\/uploads\/2022\/02\/samahil-dinamica-poblacional.png\" alt=\"\" width=\"1521\" height=\"522\" srcset=\"https:\/\/samahil.gob.mx\/wp-content\/uploads\/2022\/02\/samahil-dinamica-poblacional.png 1521w, https:\/\/samahil.gob.mx\/wp-content\/uploads\/2022\/02\/samahil-dinamica-poblacional-300x103.png 300w, https:\/\/samahil.gob.mx\/wp-content\/uploads\/2022\/02\/samahil-dinamica-poblacional-1024x351.png 1024w, https:\/\/samahil.gob.mx\/wp-content\/uploads\/2022\/02\/samahil-dinamica-poblacional-768x264.png 768w\" sizes=\"auto, (max-width: 1521px) 100vw, 1521px\" \/><figcaption id=\"caption-attachment-60\" class=\"wp-caption-text\">Figura 1.1 Poblaci\u00f3n de Samahil por edad y sexo.<\/figcaption><\/figure>\n<p>&nbsp;<\/p>\n<figure id=\"attachment_61\" aria-describedby=\"caption-attachment-61\" style=\"width: 768px\" class=\"wp-caption aligncenter\"><img loading=\"lazy\" decoding=\"async\" class=\"size-full wp-image-61\" src=\"https:\/\/samahil.gob.mx\/wp-content\/uploads\/2022\/02\/samahil-fecundidad-y-mortalidad.png\" alt=\"\" width=\"768\" height=\"594\" srcset=\"https:\/\/samahil.gob.mx\/wp-content\/uploads\/2022\/02\/samahil-fecundidad-y-mortalidad.png 768w, https:\/\/samahil.gob.mx\/wp-content\/uploads\/2022\/02\/samahil-fecundidad-y-mortalidad-300x232.png 300w\" sizes=\"auto, (max-width: 768px) 100vw, 768px\" \/><figcaption id=\"caption-attachment-61\" class=\"wp-caption-text\">Figura 1.2 Porcentaje de nacimientos y fallecimientos.<\/figcaption><\/figure>\n<p>&nbsp;<\/p>\n<p>&nbsp;<\/p>\n<hr \/>\n<p style=\"text-align: center;\">Fuente: INEGI. Panorama Sociodemogr\u00e1fico de Yucat\u00e1n. Censo de Poblaci\u00f3n y Vivienda 2020. 2021<\/p>\n","protected":false},"excerpt":{"rendered":"<p>&nbsp; &nbsp; &nbsp; Fuente: INEGI. Panorama Sociodemogr\u00e1fico de Yucat\u00e1n. Censo de Poblaci\u00f3n y Vivienda 2020. 2021<\/p>\n","protected":false},"author":1,"featured_media":0,"parent":0,"menu_order":0,"comment_status":"closed","ping_status":"closed","template":"","meta":{"footnotes":""},"class_list":["post-59","page","type-page","status-publish","hentry"],"_links":{"self":[{"href":"https:\/\/samahil.gob.mx\/index.php\/wp-json\/wp\/v2\/pages\/59","targetHints":{"allow":["GET"]}}],"collection":[{"href":"https:\/\/samahil.gob.mx\/index.php\/wp-json\/wp\/v2\/pages"}],"about":[{"href":"https:\/\/samahil.gob.mx\/index.php\/wp-json\/wp\/v2\/types\/page"}],"author":[{"embeddable":true,"href":"https:\/\/samahil.gob.mx\/index.php\/wp-json\/wp\/v2\/users\/1"}],"replies":[{"embeddable":true,"href":"https:\/\/samahil.gob.mx\/index.php\/wp-json\/wp\/v2\/comments?post=59"}],"version-history":[{"count":1,"href":"https:\/\/samahil.gob.mx\/index.php\/wp-json\/wp\/v2\/pages\/59\/revisions"}],"predecessor-version":[{"id":62,"href":"https:\/\/samahil.gob.mx\/index.php\/wp-json\/wp\/v2\/pages\/59\/revisions\/62"}],"wp:attachment":[{"href":"https:\/\/samahil.gob.mx\/index.php\/wp-json\/wp\/v2\/media?parent=59"}],"curies":[{"name":"wp","href":"https:\/\/api.w.org\/{rel}","templated":true}]}}